{"id":523,"date":"2025-01-31T13:01:42","date_gmt":"2025-01-31T12:01:42","guid":{"rendered":"https:\/\/www.mr2.rw.fau.de\/?page_id=523"},"modified":"2025-12-09T11:25:54","modified_gmt":"2025-12-09T10:25:54","slug":"professor","status":"publish","type":"page","link":"https:\/\/www.mr2.rw.fau.de\/en\/professor\/","title":{"rendered":"Professor"},"content":{"rendered":"<h3>Prof. Dr.\u00a0<span class=\"fullname\">Gra\u017cyna\u00a0Baranowska<img loading=\"lazy\" decoding=\"async\" class=\"size-medium wp-image-271 alignright\" src=\"https:\/\/www.mr2.rw.fau.de\/files\/2024\/10\/FAU_Grazyna_Baranowska_Print_08-scaled-e1729162978894-300x254.jpg\" alt=\"Frau Prof. Dr. Gra\u017cyna Baranowska steht in der Stra\u00dfe der Menschenrecht in N\u00fcrnberg\" srcset=\"https:\/\/www.mr2.rw.fau.de\/files\/2024\/10\/FAU_Grazyna_Baranowska_Print_08-scaled-e1729162978894-300x254.jpg 300w, https:\/\/www.mr2.rw.fau.de\/files\/2024\/10\/FAU_Grazyna_Baranowska_Print_08-scaled-e1729162978894-1024x867.jpg 1024w, https:\/\/www.mr2.rw.fau.de\/files\/2024\/10\/FAU_Grazyna_Baranowska_Print_08-scaled-e1729162978894-768x650.jpg 768w, https:\/\/www.mr2.rw.fau.de\/files\/2024\/10\/FAU_Grazyna_Baranowska_Print_08-scaled-e1729162978894-60x51.jpg 60w, https:\/\/www.mr2.rw.fau.de\/files\/2024\/10\/FAU_Grazyna_Baranowska_Print_08-scaled-e1729162978894-130x110.jpg 130w, https:\/\/www.mr2.rw.fau.de\/files\/2024\/10\/FAU_Grazyna_Baranowska_Print_08-scaled-e1729162978894-283x240.jpg 283w, https:\/\/www.mr2.rw.fau.de\/files\/2024\/10\/FAU_Grazyna_Baranowska_Print_08-scaled-e1729162978894-378x320.jpg 378w, https:\/\/www.mr2.rw.fau.de\/files\/2024\/10\/FAU_Grazyna_Baranowska_Print_08-scaled-e1729162978894-555x470.jpg 555w, https:\/\/www.mr2.rw.fau.de\/files\/2024\/10\/FAU_Grazyna_Baranowska_Print_08-scaled-e1729162978894.jpg 1339w\" \/><\/span><\/h3>\n<div class=\"person-info\">\n<p>Institute for German, European and International Public Law<br \/>\nChair of Migration Law and Human Rights<\/p>\n<address><span class=\"screen-reader-text\">Room<\/span><span class=\"room\">Room: Ground Floor 0.01<\/span><br \/>\nSchillerstra\u00dfe 29<br \/>\n<span class=\"person-info-city\">91054\u00a0Erlangen<\/span><\/address>\n<p><span class=\"screen-reader-text\">E-Mail: <\/span><a href=\"mailto:grazyna.baranowska@fau.de\">grazyna.baranowska@fau.de<\/a><\/p>\n<div>\n<h4>Office hours<\/h4>\n<p>By appointment<\/p>\n<\/div>\n<\/div>\n<p><strong>Short Bio<\/strong><\/p>\n<p>Professor Dr. Gra\u017cyna Baranowska has held the Chair of Migration Law and Human Rights at Friedrich-Alexander-Universit\u00e4t Erlangen-N\u00fcrnberg since August 2024. Her research focuses on disappeared persons, human rights violations at borders and memory laws.<br \/>\nPrior to that, she\u00a0 was a senior researcher at Hertie School\u2019s Centre for Fundamental Rights, leding a project on missing migrants funded by the EU\u2019s Marie Sk\u0142odowska-Curie Actions, and worked as an Assistant Professor at the Institute of Law Studies of the Polish Academy of Sciences. In the past she also worked for the Volkswagen Stiftung funded MEMOCRACY project (2021-2024), which scrutinizes the intersection of memory laws and democracy in Central and Eastern Europe, as well as the EU-funded project on Memory Laws in European and Comparative Perspective (2016-2019). Next to her academic work, she worked as policy advisor at the German Institute for Human Rights, and was involved in the process of drafting the General Comment on enforced disappearances and migration for the UN Committee on Enforced Disappearances. In 2022, she was appointed by the UN Human Rights Council as an independent expert of the UN Working Group on Enforced and Involuntary Disappearances.<\/p>\n<p><span style=\"font-family: georgia, palatino, serif\"><div class=\"rrze-elements accordion style_default\" id=\"accordion-0\"><\/span><\/p>\n<p><span style=\"font-family: georgia, palatino, serif\"><\/p>\n<div class=\"accordion-group rw\">\n<h2 class=\"accordion-heading\"><button class=\"accordion-toggle\" data-toggle=\"collapse\" data-name=\"Curriculum Vitae\" href=\"#collapse_0\" aria-expanded=\"false\" aria-controls=\"collapse_0\" id=\"collapse_button_0\"> Curriculum Vitae <\/button><\/h2>\n<div id=\"collapse_0\" class=\"accordion-body\" name=\"Curriculum Vitae\" aria-labelledby=\"collapse_button_0\">\n<div class=\"accordion-inner clearfix\"><\/span><\/p>\n<p><a href=\"https:\/\/www.mr2.rw.fau.de\/files\/2024\/12\/CV-Prof.-Dr.-Grazyna-Baranowska-PDF-english.pdf\">CV Prof. Dr. Gra\u017cyna Baranowska (PDF, english)<\/a><\/p>\n<p><span style=\"font-family: georgia, palatino, serif\"><\/div>\n<\/div>\n<\/div>\n<p><\/span><\/p>\n<p><span style=\"font-family: georgia, palatino, serif\"><\/p>\n<div class=\"accordion-group rw\">\n<h2 class=\"accordion-heading\"><button class=\"accordion-toggle\" data-toggle=\"collapse\" data-name=\"Research projects\" href=\"#collapse_1\" aria-expanded=\"false\" aria-controls=\"collapse_1\" id=\"collapse_button_1\"> Research projects <\/button><\/h2>\n<div id=\"collapse_1\" class=\"accordion-body\" name=\"Research projects\" aria-labelledby=\"collapse_button_1\">\n<div class=\"accordion-inner clearfix\"> <\/span><\/p>\n<p>Completed projects by Prof. Dr. Gra\u017cyna Baranowska:<\/p>\n<p>&#8211; <a href=\"https:\/\/cordis.europa.eu\/project\/id\/101026079\">Missing Migrants: Identifying and Shaping Obligations for Protection<\/a>, finanziert durch die Marie Sk\u0142odowska-Curie Individual Actions (MSCA-IF-2020) der EU (174.800 EUR), 2021-2024<\/p>\n<p>&#8211; <a href=\"https:\/\/projekty.ncn.gov.pl\/en\/index.php?projekt_id=459059\">State obligations with regard to missing and disappeared persons under international law<\/a>, finanziert durch das SONATA-F\u00f6rderprogramm des Nationalen Wisschenschaftszentrums Polens (170.280 PLN; ca. 38.500 EUR), 2020-2023<\/p>\n<p>&#8211; <a href=\"https:\/\/www.socialresearch-turkey.org\/project-grazynabaranowska1\">Protecting the memory of undemocratic regimes through memory laws<\/a>, gef\u00f6rdert von der Stiftung Mercator durch Blickwechsel, ein Programm an der Humboldt-Universit\u00e4t, im Rahmen des Research Lab Verfassungspolitik in der T\u00fcrkei II (3000 EUR), 02-07.2019<\/p>\n<p>&#8211; <a href=\"https:\/\/projekty.ncn.gov.pl\/en\/index.php?projekt_id=236615\">Enforced disappearance in Europe: Development of legal standards<\/a>, gef\u00f6rdert durch das PRELUDIUM-F\u00f6rderprogramm des Polnischen Nationalen Wissenschaftszentrum (43.625 PLN; ca. 10.000 EUR), 2014-2016<\/p>\n<p>Professor Baranowska was also involved in the following projects:<\/p>\n<p>&#8211; <a href=\"https:\/\/memocracy.eu\/\">Memocracy \u2014 The Challenge of Populist Memory Politics for Europe<\/a><\/p>\n<p>&#8211; <a href=\"https:\/\/melaproject.org\/\">Memory Laws in European and Comparative Perspective | MELA<\/a><\/p>\n<p><span style=\"font-family: georgia, palatino, serif\"><\/div>\n<\/div>\n<\/div>\n<p><\/span><\/p>\n<p><span style=\"font-family: georgia, palatino, serif\"><\/p>\n<div class=\"accordion-group rw\">\n<h2 class=\"accordion-heading\"><button class=\"accordion-toggle\" data-toggle=\"collapse\" data-name=\"Teaching\" href=\"#collapse_2\" aria-expanded=\"false\" aria-controls=\"collapse_2\" id=\"collapse_button_2\"> Teaching <\/button><\/h2>\n<div id=\"collapse_2\" class=\"accordion-body\" name=\"Teaching\" aria-labelledby=\"collapse_button_2\">\n<div class=\"accordion-inner clearfix\"><\/span><\/p>\n<p>Professor Baranowska&#8217;s teaching focuses on human rights at the undergraduate and graduate levels.<\/p>\n<p>So far, she has taught at the Hertie School in Berlin, the Polish Academy of Sciences, the University of Zurich and the Adam Mickiewicz University in Poznan. She has also been a guest lecturer at the Geneva Academy of International Humanitarian Law and Human Rights and at the University of Amsterdam.<\/p>\n<p>In addition to her academic work, Ms. Baranowska also conducts training courses for lawyers and supports training programs of non-governmental organizations such as the Helsinki Foundation for Human Rights and Humanity in Action.<\/p>\n<p>The current courses at the Friedrich-Alexander-Universit\u00e4t Erlangen-N\u00fcrnberg can be found here: <a href=\"https:\/\/www.mr2.rw.fau.de\/en\/courses-and-lectures\/\">Courses and lectures<\/a><\/p>\n<p><span style=\"font-family: georgia, palatino, serif\"><\/div>\n<\/div>\n<\/div>\n<p><\/span><\/p>\n<p><span style=\"font-family: georgia, palatino, serif\"><\/p>\n<div class=\"accordion-group rw\">\n<h2 class=\"accordion-heading\"><button class=\"accordion-toggle\" data-toggle=\"collapse\" data-name=\"Publications\" href=\"#collapse_3\" aria-expanded=\"false\" aria-controls=\"collapse_3\" id=\"collapse_button_3\"> Publications <\/button><\/h2>\n<div id=\"collapse_3\" class=\"accordion-body\" name=\"Publications\" aria-labelledby=\"collapse_button_3\">\n<div class=\"accordion-inner clearfix\"><\/span><\/p>\n<p>The latest publications by Professor Baranowska:<\/p>\n<p><strong>2024<\/strong><\/p>\n<p>&#8211; <a href=\"https:\/\/www.cambridge.org\/core\/journals\/law-and-social-inquiry\/article\/politics-of-legal-facts-the-erasure-of-pushback-evidence-from-the-european-court-of-human-rights\/76A96DC28679DD08A528F8113523391F\">&#8220;The Politics of Legal Facts: The Erasure of Pushback Evidence from the European Court of Human Rights,&#8221;<\/a> \u00a0(2024) <em>Law &amp; Social Inquiry<\/em> (mit Alpes, M. J.)<\/p>\n<p>&#8211; &#8220;<a href=\"https:\/\/brill.com\/edcollchap-oa\/book\/9789004377653\/BP000015.xml\">The Impact of the United Nations Human Rights Treaties on the Domestic Level in Poland&#8221;<\/a> in: Ch. Heyns and F. Viljoen (eds.),\u00a0<em>The Impact of the United Nations Human Rights Treaties on the Domestic Level. Second Revised Edition<\/em>, Brill (mit K. S\u0119kowska-Koz\u0142owska, J. Grygiel, \u0141. Szoszkiewicz)<\/p>\n<p>&#8211; &#8220;<a href=\"https:\/\/www.taylorfrancis.com\/chapters\/oa-edit\/10.4324\/9781003451327-9\/subjects-actors-viljam-engstr%C3%B6m-alex-green-raghavi-viswanath-gra%C5%BCyna-baranowska-tamsin-phillipa-paige-jens-theilen-juliana-santos-de-carvalho-verena-kahl-chi-su%C3%A9-gonz%C3%A1lez-hauck-anne-peters-raffaela-kunz?context=ubx&amp;refId=8321dbda-4d3d-4b99-acba-9a6ba4dff7ea\">Subjects and Actors<\/a>&#8221; in: S. Gonz\u00e1lez Hauck, R. Kunz, M. Milas,\u00a0<a href=\"https:\/\/www.taylorfrancis.com\/books\/oa-edit\/10.4324\/9781003451327\/public-international-law-raffaela-kunz-max-milas-su%C3%A9-gonz%C3%A1lez-hauck\"><em>Public International Law &#8211; A Multi-Perspective Approach<\/em><\/a>, Chapter 7, Routledge (mit V. Engstr\u00f6m, A. Green, R. Viswanath, T. P. Paige, J. T. Theilen, J. Santos de Carvalho, V. Kahl, H. Chi, S. Gonz\u00e1lez Hauck, A. Peters, R. Kunz)<\/p>\n<p>&#8211; &#8220;<a href=\"https:\/\/www.taylorfrancis.com\/chapters\/oa-edit\/10.4324\/9781003451327-24\/international-human-rights-law-annalisa-ciampi-max-milas-thamil-venthan-ananthavinayagan-gra%C5%BCyna-baranowska-adamantia-rachovitsa-jens-theilen-verena-kahl-walter-ar%C3%A9valo-ram%C3%ADrez-andr%C3%A9s-rousset-siri?context=ubx&amp;refId=07e71bc1-4354-4949-88b3-f9c1371d8679\">International Human Rights Law<\/a>&#8221; in: S. Gonz\u00e1lez Hauck, R. Kunz, M. Milas,\u00a0<a href=\"https:\/\/www.taylorfrancis.com\/books\/oa-edit\/10.4324\/9781003451327\/public-international-law-raffaela-kunz-max-milas-su%C3%A9-gonz%C3%A1lez-hauck\"><em>Public International Law &#8211; A Multi-Perspective Approach<\/em><\/a>, Chapter 21, Routledge (mit A. Ciampi, M. Milas, T. V. Ananthavinayagan, A. Rachovitsa, J. T. Theilen, V. Kahl, W. Ar\u00e9valo-Ram\u00edrez, A. Rousset-Siri)<\/p>\n<p><strong>2023<\/strong><\/p>\n<p>&#8211; &#8220;<a href=\"https:\/\/www.cambridge.org\/core\/journals\/european-constitutional-law-review\/article\/protecting-the-good-name-of-the-nation-as-memory-law\/37997765B40D01508CD4027A347A683C\">Protecting the Good Name of the Nation as a Memory Law<\/a>&#8221; (2023) <em>European Constitution Law Review<\/em>\u00a019(4)<\/p>\n<p>&#8211; &#8220;<a href=\"https:\/\/brill.com\/view\/journals\/eclr\/4\/4\/article-p473_005.xml\">Exposing Covert Border Enforcement: Why Failing to Shift the Burden of Proof in Pushback Cases is Wrong<\/a>&#8221; (2023), <em>European Convention on Human Rights Law Review<\/em>, 4 (4) 473-494.<\/p>\n<p>&#8211; &#8220;<a href=\"https:\/\/journals.sagepub.com\/doi\/full\/10.1177\/09240519231171515\">How long does the past endure? \u201cContinuing violations\u2019 and the \u201cvery distant past\u2019 before the UN Human Rights Committee<\/a>&#8221; (2023) <em>Netherlands Quarterly of Human Rights <\/em>41(2)<\/p>\n<p><span style=\"font-family: georgia, palatino, serif\">You can find a complete list of Professor Baranowksa&#8217;s publications here: <a href=\"https:\/\/www.mr2.rw.fau.de\/files\/2024\/11\/Publikationsliste-Prof.-Dr.-Grazyna-Baranowska.pdf\">List of publications &#8211; Prof. Dr. Gra\u017cyna Baranowska<\/a><\/span><\/p>\n<p><span style=\"font-family: georgia, palatino, serif\"><\/div>\n<\/div>\n<\/div>\n<p><\/span><\/p>\n<p><span style=\"font-family: georgia, palatino, serif\"><\/p>\n<div class=\"accordion-group rw\">\n<h2 class=\"accordion-heading\"><button class=\"accordion-toggle\" data-toggle=\"collapse\" data-name=\"Media presence\" href=\"#collapse_4\" aria-expanded=\"false\" aria-controls=\"collapse_4\" id=\"collapse_button_4\"> Media presence <\/button><\/h2>\n<div id=\"collapse_4\" class=\"accordion-body\" name=\"Media presence\" aria-labelledby=\"collapse_button_4\">\n<div class=\"accordion-inner clearfix\"> <\/span><\/p>\n<p>Professor Baranowska has appeared in national and international media, commenting on current events and providing insights from her research:<\/p>\n<p>&#8211; Podcast WeiterGedacht\u00a0on the\u00a0<a href=\"https:\/\/www.hertie-school.org\/en\/content\/detail\/content\/podcast-unexpected-unity-in-the-eu-a-step-forward-for-eu-asylum-reform\" target=\"_blank\" rel=\"noopener\">refugee challenges<\/a>\u00a0the EU is facing (29.03.2022, in English)<\/p>\n<p>&#8211; Commentary at OKO.press on risks of <a href=\"https:\/\/oko.press\/uchodzczynie-z-ukrainy-zagrozone-handlem-ludzmi-zacznijmy-sie-wreszcie-tym-zajmowac\/\" target=\"_blank\" rel=\"noopener\">exploitation of Ukrainian refugees in Poland<\/a> (11.03.2022, in Polish)<\/p>\n<p>&#8211; <a href=\"https:\/\/www.hertie-school.org\/en\/content\/detail\/content\/film-discussion-shadow-game\" target=\"_blank\" rel=\"noopener\">Debate<\/a>\u00a0following the screening of \u2018<a href=\"https:\/\/shadowgame.eu\/en\/homepage\/\" target=\"_blank\" rel=\"noopener\">Shadow Game<\/a>\u2019 (21.12.2021, in English)<\/p>\n<p>&#8211; Panel \u2018<a href=\"https:\/\/www.hertie-school.org\/en\/content\/detail\/content\/the-centre-for-fundamental-rights-took-part-in-the-2021-berlin-human-rights-film-festival\" target=\"_blank\" rel=\"noopener\">Europe\u2019s deadly borders: Seeking protection in bordered Europe<\/a>\u2019 at the 2021\u00a0<a href=\"https:\/\/www.humanrightsfilmfestivalberlin.de\/en\" target=\"_blank\" rel=\"noopener\">Berlin Human Rights Film Festival<\/a>\u00a0(20.09.2021, in English)<\/p>\n<p>&#8211; Moderation of <a href=\"https:\/\/ecetemelkuran.net\/\" target=\"_blank\" rel=\"noopener\">Ece Temelkuran<\/a>\u2019s\u00a0<a href=\"https:\/\/www.humanrightsfilmfestivalberlin.de\/en\/events\/human-rights-forum-2021#20\" target=\"_blank\" rel=\"noopener\">key note<\/a>\u00a0at the 2021\u00a0<a href=\"https:\/\/www.humanrightsfilmfestivalberlin.de\/en\" target=\"_blank\" rel=\"noopener\">Berlin Human Rights Film Festival<\/a>\u00a0(20.09.2021, in English)<\/p>\n<p>&#8211; TV Interview on universal jurisdiction case in Switzerland in ARD Mittagsmagazin (19.09.2023, in German)<\/p>\n<p>&#8211; Interview for Swiss Info on new UN mechanism missing persons in Syria (5.07.2023, in English)<\/p>\n<p>&#8211; Interview on\u00a0<a href=\"https:\/\/audycje.tokfm.pl\/prowadzacy\/25,Cezary-Lasiczka\" target=\"_blank\" rel=\"noopener\">pushbacks at the Polish-Belarussian border<\/a>\u00a0(5.07.2023, in English)<\/p>\n<p>&#8211; Interview on <a href=\"https:\/\/audycje.tokfm.pl\/podcast\/130089,Wymuszone-zaginiecia-kiedy-ludzie-znikaja-nagle-i-bez-sladu\" target=\"_blank\" rel=\"noopener\">UN responses to enforced disappearances<\/a> in TOK FM (17.10.2022, in Polish)<\/p>\n<p>&#8211; Interview on separated families at the <a href=\"https:\/\/audycje.tokfm.pl\/podcast\/98604,Rozdzielone-rodziny-imigrantow-i-niewyjasnione-zaginiecia-w-USA\" target=\"_blank\" rel=\"noopener\">Mexico\u2013United States border<\/a>\u00a0in TOK FM (25.11.2020, in Polish)<\/p>\n<p>&#8211; Interview on\u00a0<a href=\"https:\/\/audycje.tokfm.pl\/podcast\/82315,Kiedy-czlowiek-znika-cierpi-rodzina-a-panstwo-jest-winne\" target=\"_blank\" rel=\"noopener\">enforced disappearances<\/a>\u00a0in TOK FM (25.10.2019, in Polish)<\/p>\n<p><span style=\"font-family: georgia, palatino, serif\"> <\/div>\n<\/div>\n<\/div>\n<p><\/span><\/p>\n<p><span style=\"font-family: georgia, palatino, serif\"><\/div>\n <\/span><\/p>\n","protected":false},"excerpt":{"rendered":"<p>Prof. Dr.\u00a0Gra\u017cyna\u00a0Baranowska Institute for German, European and International Public Law Chair of Migration Law and Human Rights RoomRoom: Ground Floor 0.01 Schillerstra\u00dfe 29 91054\u00a0Erlangen E-Mail: grazyna.baranowska@fau.de Office hours By appointment Short Bio Professor Dr. Gra\u017cyna Baranowska has held the Chair of Migration Law and Human Rights at Friedrich-Alexander-Universit\u00e4t Erlangen-N\u00fcrnberg since August 2024. Her research focuses [&hellip;]<\/p>\n","protected":false},"author":5144,"featured_media":0,"parent":0,"menu_order":0,"comment_status":"closed","ping_status":"closed","template":"","meta":{"_rrze_cache":"enabled","_access_permission":"","_rrze_multilang_single_locale":"en_US","_rrze_multilang_single_source":"https:\/\/www.mr2.rw.fau.de\/?page_id=305","footnotes":""},"page_category":[297],"page_tag":[],"workflow_usergroup":[],"class_list":["post-523","page","type-page","status-publish","hentry","page_category-professorin","en-US"],"_links":{"self":[{"href":"https:\/\/www.mr2.rw.fau.de\/wp-json\/wp\/v2\/pages\/523","targetHints":{"allow":["GET"]}}],"collection":[{"href":"https:\/\/www.mr2.rw.fau.de\/wp-json\/wp\/v2\/pages"}],"about":[{"href":"https:\/\/www.mr2.rw.fau.de\/wp-json\/wp\/v2\/types\/page"}],"author":[{"embeddable":true,"href":"https:\/\/www.mr2.rw.fau.de\/wp-json\/wp\/v2\/users\/5144"}],"replies":[{"embeddable":true,"href":"https:\/\/www.mr2.rw.fau.de\/wp-json\/wp\/v2\/comments?post=523"}],"version-history":[{"count":8,"href":"https:\/\/www.mr2.rw.fau.de\/wp-json\/wp\/v2\/pages\/523\/revisions"}],"predecessor-version":[{"id":672,"href":"https:\/\/www.mr2.rw.fau.de\/wp-json\/wp\/v2\/pages\/523\/revisions\/672"}],"wp:attachment":[{"href":"https:\/\/www.mr2.rw.fau.de\/wp-json\/wp\/v2\/media?parent=523"}],"wp:term":[{"taxonomy":"page_category","embeddable":true,"href":"https:\/\/www.mr2.rw.fau.de\/wp-json\/wp\/v2\/page_category?post=523"},{"taxonomy":"page_tag","embeddable":true,"href":"https:\/\/www.mr2.rw.fau.de\/wp-json\/wp\/v2\/page_tag?post=523"},{"taxonomy":"workflow_usergroup","embeddable":true,"href":"https:\/\/www.mr2.rw.fau.de\/wp-json\/wp\/v2\/workflow_usergroup?post=523"}],"curies":[{"name":"wp","href":"https:\/\/api.w.org\/{rel}","templated":true}]}}