{"id":504,"date":"2025-01-31T12:37:50","date_gmt":"2025-01-31T11:37:50","guid":{"rendered":"https:\/\/www.mr2.rw.fau.de\/?page_id=504"},"modified":"2026-02-15T12:14:23","modified_gmt":"2026-02-15T11:14:23","slug":"lehrstuhl-fuer-migrationsrecht-und-menschenrechte","status":"publish","type":"page","link":"https:\/\/www.mr2.rw.fau.de\/","title":{"rendered":"Welcome"},"content":{"rendered":"\n<div class=\"wp-block-columns alignwide hero-chair-cooperation is-layout-flex wp-container-core-columns-is-layout-28f84493 wp-block-columns-is-layout-flex\">\n<div class=\"wp-block-column hero-chair-content-wrapper is-layout-flow wp-block-column-is-layout-flow\">\n<div class=\"wp-block-column hero-chair-content is-layout-flow wp-block-column-is-layout-flow\">\n<h1 class=\"wp-block-heading\">Chair of Migration Law and Human Rights<\/h1>\n<\/div>\n<\/div>\n\n\n\n<div class=\"wp-block-column hero-chair-bg-left is-layout-flow wp-block-column-is-layout-flow\"><\/div>\n\n\n\n<div class=\"wp-block-column hero-chair-bg-right is-layout-flow wp-block-column-is-layout-flow\">\n<div class=\"wp-block-cover is-light is-dark-theme\"><img loading=\"lazy\" decoding=\"async\" class=\"wp-block-cover__image-background wp-image-715 size-large\" alt=\"\" src=\"https:\/\/www.mr2.rw.fau.de\/files\/2026\/01\/WhatsApp-Image-2026-01-04-at-15.15.03-1-768x1024.jpeg\" style=\"object-position:50% 45%\" data-object-fit=\"cover\" data-object-position=\"50% 45%\" srcset=\"https:\/\/www.mr2.rw.fau.de\/files\/2026\/01\/WhatsApp-Image-2026-01-04-at-15.15.03-1-768x1024.jpeg 768w, https:\/\/www.mr2.rw.fau.de\/files\/2026\/01\/WhatsApp-Image-2026-01-04-at-15.15.03-1-225x300.jpeg 225w, https:\/\/www.mr2.rw.fau.de\/files\/2026\/01\/WhatsApp-Image-2026-01-04-at-15.15.03-1-1152x1536.jpeg 1152w, https:\/\/www.mr2.rw.fau.de\/files\/2026\/01\/WhatsApp-Image-2026-01-04-at-15.15.03-1-120x160.jpeg 120w, https:\/\/www.mr2.rw.fau.de\/files\/2026\/01\/WhatsApp-Image-2026-01-04-at-15.15.03-1-240x320.jpeg 240w, https:\/\/www.mr2.rw.fau.de\/files\/2026\/01\/WhatsApp-Image-2026-01-04-at-15.15.03-1-45x60.jpeg 45w, https:\/\/www.mr2.rw.fau.de\/files\/2026\/01\/WhatsApp-Image-2026-01-04-at-15.15.03-1.jpeg 1200w\" \/><span aria-hidden=\"true\" class=\"wp-block-cover__background has-background-dim-0 has-background-dim\" style=\"background-color:#8f8776\"><\/span><div class=\"wp-block-cover__inner-container is-layout-flow wp-block-cover-is-layout-flow\">\n<p class=\"has-text-align-center hideParagraph has-large-font-size\"><\/p>\n<\/div><\/div>\n<\/div>\n<\/div>\n\n\n\n<h2 class=\"wp-block-heading\">Welcome<\/h2>\n\n\n\n<p><strong>Welcome to the website of Prof. Dr. Gra\u017cyna Baranowska, Chair of Migration Law and Human Rights. These pages offer comprehensive insights into the Chair, its activities, and the latest news. An overview of the courses offered, both in the current and previous semesters, can be found in the \u201c<a href=\"https:\/\/www.mr2.rw.fau.de\/en\/teaching\/\" data-type=\"link\" data-id=\"https:\/\/www.mr2.rw.fau.de\/en\/teaching\/\">Teaching<\/a>\u201d section. Here, we also provide updates on current events at the Chair and on the work and initiatives of our team members.<\/strong><\/p>\n\n\n\n<hr class=\"wp-block-separator has-alpha-channel-opacity\" \/>\n\n\n\n<div style=\"height:24px\" aria-hidden=\"true\" class=\"wp-block-spacer\"><\/div>\n\n\n<section class=\"fau-list-item wp-block-fau-elemental-fau-teaser-grid\" id=\"fau-teaser-grid-3e97d0e6\" aria-label=\"Content grid\" role=\"region\" data-grid-id=\"fau-teaser-grid-3e97d0e6\" data-custom-block-id=\"fau-teaser-grid-3e97d0e6\" data-variant=\"post\" data-category=\"0\" data-tags=\"\" data-author=\"0\" data-year=\"0\" data-month=\"0\" data-day=\"0\" data-posts-per-page=\"6\" data-display-style=\"teaser-grid\" data-teaser-layout=\"3m\" data-order-by=\"date\" data-order=\"DESC\" data-heading-level=\"h4\" data-show-pagination=\"false\" data-pagination-type=\"numbers\" data-nonce=\"ab6fc5c510\" data-current-page=\"1\"><ul class=\"fau-teaser-grid teaser-grid layout-3m\" aria-label=\"Content items\" data-variant=\"post\"><li><a class=\"teaser-item-link teaser-item\" href=\"https:\/\/www.mr2.rw.fau.de\/en\/2026\/04\/14\/invitation-to-a-film-screening-films-on-migration-souleymanes-story\/\"><article class=\"post-teaser\" data-variant=\"post\" data-href=\"https:\/\/www.mr2.rw.fau.de\/en\/2026\/04\/14\/invitation-to-a-film-screening-films-on-migration-souleymanes-story\/\" tabindex=\"0\" role=\"button\" aria-labelledby=\"teaser-title-804\"><div class=\"teaser-image-wrapper\"><div class=\"teaser-image\"><img decoding=\"async\" src=\"https:\/\/www.mr2.rw.fau.de\/files\/2026\/04\/Bild-Film-768x274.jpg\" class=\"attachment-medium_large size-medium_large\" alt=\"Invitation to a Film Screening with Discussion \u2013 Films on Migration: \u2018Souleymane\u2019s Story\u2019\" loading=\"lazy\" srcset=\"https:\/\/www.mr2.rw.fau.de\/files\/2026\/04\/Bild-Film-768x274.jpg 768w, https:\/\/www.mr2.rw.fau.de\/files\/2026\/04\/Bild-Film-300x107.jpg 300w, https:\/\/www.mr2.rw.fau.de\/files\/2026\/04\/Bild-Film-60x21.jpg 60w, https:\/\/www.mr2.rw.fau.de\/files\/2026\/04\/Bild-Film.jpg 980w\" \/><\/div><div class=\"teaser-meta\"><time datetime=\"2026-04-14 16:36:17\"><span class=\"date-day\">14<\/span><span class=\"date-month-year\">APR 2026<\/span><\/time><\/div><\/div><div class=\"teaser-content-wrapper\"><div class=\"teaser-content\"><div class=\"content-column\"><span class=\"category\">Allgemein<\/span><h4 class=\"clamp-3\" id=\"teaser-title-804\">Invitation to a Film Screening with Discussion \u2013 Films on Migration: \u2018Souleymane\u2019s Story\u2019<\/h4><div class=\"excerpt clamp-3\"><span class=\"visually-hidden\">The Chair of Migration Law and Human Rights (Prof. Dr. Gra\u017cyna Baranowska), in cooperation with the Refugee Law Clinic Erlangen\u2011Nuremberg, is hosting a film screening on the topic of asylum procedures and the living conditions of migrants with a subsequent discussion with the Bayerischer Fl\u00fcchtlingsrat on Wednesday, 29 April 2026. The event marks the launch [&hellip;]<\/span><span aria-hidden=\"true\">The Chair of Migration Law and Human Rights (Prof. Dr. Gra\u017cyna Baranowska), in cooperation with the Refugee Law Clinic Erlangen\u2011Nuremberg, is hosting a film screening on the topic of asylum procedures and the living conditions of migrants with a subsequent discussion with the Bayerischer Fl\u00fcchtlingsrat on Wednesday, 29 April 2026. The event marks the launch [&hellip;]<\/span><\/div><\/div><div class=\"button-teaser\"><span class=\"wp-block-button__link\"><span class=\"screen-reader-text\">Read more about Invitation to a Film Screening with Discussion \u2013 Films on Migration: \u2018Souleymane\u2019s Story\u2019<\/span><\/span><\/div><\/div><\/div><\/article><\/a><\/li><li><a class=\"teaser-item-link teaser-item\" href=\"https:\/\/www.mr2.rw.fau.de\/en\/2026\/03\/28\/call-for-papers-workshop-on-absolute-rights-under-the-echr-at-state-borders\/\"><article class=\"post-teaser\" data-variant=\"post\" data-href=\"https:\/\/www.mr2.rw.fau.de\/en\/2026\/03\/28\/call-for-papers-workshop-on-absolute-rights-under-the-echr-at-state-borders\/\" tabindex=\"0\" role=\"button\" aria-labelledby=\"teaser-title-788\"><div class=\"teaser-image-wrapper\"><div class=\"teaser-image\"><img decoding=\"async\" src=\"https:\/\/www.mr2.rw.fau.de\/files\/2026\/03\/FAU-Human-Rights-Logo--768x252.png\" class=\"attachment-medium_large size-medium_large\" alt=\"Call for Papers \u2013 Workshop on Absolute Rights under the ECHR at State Borders\" loading=\"lazy\" srcset=\"https:\/\/www.mr2.rw.fau.de\/files\/2026\/03\/FAU-Human-Rights-Logo--768x252.png 768w, https:\/\/www.mr2.rw.fau.de\/files\/2026\/03\/FAU-Human-Rights-Logo--300x99.png 300w, https:\/\/www.mr2.rw.fau.de\/files\/2026\/03\/FAU-Human-Rights-Logo--1024x336.png 1024w, https:\/\/www.mr2.rw.fau.de\/files\/2026\/03\/FAU-Human-Rights-Logo--60x20.png 60w, https:\/\/www.mr2.rw.fau.de\/files\/2026\/03\/FAU-Human-Rights-Logo-.png 1187w\" \/><\/div><div class=\"teaser-meta\"><time datetime=\"2026-03-28 12:46:45\"><span class=\"date-day\">28<\/span><span class=\"date-month-year\">MAR 2026<\/span><\/time><\/div><\/div><div class=\"teaser-content-wrapper\"><div class=\"teaser-content\"><div class=\"content-column\"><span class=\"category\">Allgemein<\/span><h4 class=\"clamp-3\" id=\"teaser-title-788\">Call for Papers \u2013 Workshop on Absolute Rights under the ECHR at State Borders<\/h4><div class=\"excerpt clamp-3\"><span class=\"visually-hidden\">The Chair for Human Rights and Migration Law at FAU Erlangen\u2013N\u00fcrnberg (Prof. Dr. Gra\u017cyna Baranowska) invites researchers from all career stages to submit papers for the workshop \u201cAbsolute Rights under the ECHR at State Borders\u201d. The workshop will be on 9\u201310 November 2026 and examine the role of absolute rights\u2014particularly Article 3 ECHR\u2014in the context [&hellip;]<\/span><span aria-hidden=\"true\">The Chair for Human Rights and Migration Law at FAU Erlangen\u2013N\u00fcrnberg (Prof. Dr. Gra\u017cyna Baranowska) invites researchers from all career stages to submit papers for the workshop \u201cAbsolute Rights under the ECHR at State Borders\u201d. The workshop will be on 9\u201310 November 2026 and examine the role of absolute rights\u2014particularly Article 3 ECHR\u2014in the context [&hellip;]<\/span><\/div><\/div><div class=\"button-teaser\"><span class=\"wp-block-button__link\"><span class=\"screen-reader-text\">Read more about Call for Papers \u2013 Workshop on Absolute Rights under the ECHR at State Borders<\/span><\/span><\/div><\/div><\/div><\/article><\/a><\/li><li><a class=\"teaser-item-link teaser-item\" href=\"https:\/\/www.mr2.rw.fau.de\/en\/2026\/03\/19\/enforced-disappearances-on-universal-responses-to-a-worldwide-phenomenon-presentations-of-the-new-publication-by-grazyna-baranowska\/\"><article class=\"post-teaser\" data-variant=\"post\" data-href=\"https:\/\/www.mr2.rw.fau.de\/en\/2026\/03\/19\/enforced-disappearances-on-universal-responses-to-a-worldwide-phenomenon-presentations-of-the-new-publication-by-grazyna-baranowska\/\" tabindex=\"0\" role=\"button\" aria-labelledby=\"teaser-title-765\"><div class=\"teaser-image-wrapper\"><div class=\"teaser-image\"><img decoding=\"async\" src=\"https:\/\/www.mr2.rw.fau.de\/files\/2026\/03\/Bild-2-768x538.png\" class=\"attachment-medium_large size-medium_large\" alt=\"Enforced Disappearances: On Universal Responses to a Worldwide Phenomenon \u2013 Presentations of the New Publication by Gra\u017cyna Baranowska\" loading=\"lazy\" srcset=\"https:\/\/www.mr2.rw.fau.de\/files\/2026\/03\/Bild-2-768x538.png 768w, https:\/\/www.mr2.rw.fau.de\/files\/2026\/03\/Bild-2-300x210.png 300w, https:\/\/www.mr2.rw.fau.de\/files\/2026\/03\/Bild-2-60x42.png 60w, https:\/\/www.mr2.rw.fau.de\/files\/2026\/03\/Bild-2.png 888w\" \/><\/div><div class=\"teaser-meta\"><time datetime=\"2026-03-19 22:14:56\"><span class=\"date-day\">19<\/span><span class=\"date-month-year\">MAR 2026<\/span><\/time><\/div><\/div><div class=\"teaser-content-wrapper\"><div class=\"teaser-content\"><div class=\"content-column\"><span class=\"category\">Allgemein<\/span><h4 class=\"clamp-3\" id=\"teaser-title-765\">Enforced Disappearances: On Universal Responses to a Worldwide Phenomenon \u2013 Presentations of the New Publication by Gra\u017cyna Baranowska<\/h4><div class=\"excerpt clamp-3\"><span class=\"visually-hidden\">In August 2025, the new anthology &#8220;Enforced Disappearances: On Universal Responses to a Worldwide Phenomenon&#8221; (Cambridge University Press, 2025) was published. It was edited by Prof. Dr. Gra\u017cyna Baranowska and Dr. Milica Kolakovi\u0107-Bojovi\u0107. The publication examines enforced disappearances as a global human rights phenomenon and addresses current challenges in this field. It discusses the responses [&hellip;]<\/span><span aria-hidden=\"true\">In August 2025, the new anthology &#8220;Enforced Disappearances: On Universal Responses to a Worldwide Phenomenon&#8221; (Cambridge University Press, 2025) was published. It was edited by Prof. Dr. Gra\u017cyna Baranowska and Dr. Milica Kolakovi\u0107-Bojovi\u0107. The publication examines enforced disappearances as a global human rights phenomenon and addresses current challenges in this field. It discusses the responses [&hellip;]<\/span><\/div><\/div><div class=\"button-teaser\"><span class=\"wp-block-button__link\"><span class=\"screen-reader-text\">Read more about Enforced Disappearances: On Universal Responses to a Worldwide Phenomenon \u2013 Presentations of the New Publication by Gra\u017cyna Baranowska<\/span><\/span><\/div><\/div><\/div><\/article><\/a><\/li><li><a class=\"teaser-item-link teaser-item\" href=\"https:\/\/www.mr2.rw.fau.de\/en\/2025\/11\/17\/melina-riemer-beim-lias-workshop-zu-recht-und-migration\/\"><article class=\"post-teaser\" data-variant=\"post\" data-href=\"https:\/\/www.mr2.rw.fau.de\/en\/2025\/11\/17\/melina-riemer-beim-lias-workshop-zu-recht-und-migration\/\" tabindex=\"0\" role=\"button\" aria-labelledby=\"teaser-title-654\"><div class=\"teaser-image-wrapper\"><div class=\"teaser-image\"><img decoding=\"async\" src=\"https:\/\/www.mr2.rw.fau.de\/wp-content\/themes\/FAU-Elemental\/assets\/images\/Default_FAU_Schloss_blau.jpg\" alt=\"Melina Riemer at the LIAS-workshop on the role of law and the courts in migration policy\" loading=\"lazy\"><\/div><div class=\"teaser-meta\"><time datetime=\"2025-11-17 10:10:21\"><span class=\"date-day\">17<\/span><span class=\"date-month-year\">NOV 2025<\/span><\/time><\/div><\/div><div class=\"teaser-content-wrapper\"><div class=\"teaser-content\"><div class=\"content-column\"><span class=\"category\">Allgemein<\/span><h4 class=\"clamp-3\" id=\"teaser-title-654\">Melina Riemer at the LIAS-workshop on the role of law and the courts in migration policy<\/h4><div class=\"excerpt clamp-3\"><span class=\"visually-hidden\">In November, our research associate Melina Riemer participated in a workshop hosted by the Leuphana Institute for Advanced Studies (LIAS) at Leuphana University L\u00fcneburg on the topic \u201cThe Role of Law and Courts in Migration Politics.\u201d The workshop, held on 13 and 14 November, brought together around 20 professors, postdoctoral researchers, doctoral candidates, and practitioners [&hellip;]<\/span><span aria-hidden=\"true\">In November, our research associate Melina Riemer participated in a workshop hosted by the Leuphana Institute for Advanced Studies (LIAS) at Leuphana University L\u00fcneburg on the topic \u201cThe Role of Law and Courts in Migration Politics.\u201d The workshop, held on 13 and 14 November, brought together around 20 professors, postdoctoral researchers, doctoral candidates, and practitioners [&hellip;]<\/span><\/div><\/div><div class=\"button-teaser\"><span class=\"wp-block-button__link\"><span class=\"screen-reader-text\">Read more about Melina Riemer at the LIAS-workshop on the role of law and the courts in migration policy<\/span><\/span><\/div><\/div><\/div><\/article><\/a><\/li><li><a class=\"teaser-item-link teaser-item\" href=\"https:\/\/www.mr2.rw.fau.de\/en\/2025\/10\/01\/veroeffentlichte-rechtsprechungsanalyse-von-isabel-kienzle-und-melina-riemer-zu-egmr-entscheidungen-ueber-griechenlands-pushback-praxis\/\"><article class=\"post-teaser\" data-variant=\"post\" data-href=\"https:\/\/www.mr2.rw.fau.de\/en\/2025\/10\/01\/veroeffentlichte-rechtsprechungsanalyse-von-isabel-kienzle-und-melina-riemer-zu-egmr-entscheidungen-ueber-griechenlands-pushback-praxis\/\" tabindex=\"0\" role=\"button\" aria-labelledby=\"teaser-title-652\"><div class=\"teaser-image-wrapper\"><div class=\"teaser-image\"><img decoding=\"async\" src=\"https:\/\/www.mr2.rw.fau.de\/files\/2025\/10\/european-hrl.png\" class=\"attachment-medium_large size-medium_large\" alt=\"Published jurisprudence analysis by Isabel Kienzle and Melina Riemer on ECtHR rulings concerning Greece\u2019s pushback practices\" loading=\"lazy\" srcset=\"https:\/\/www.mr2.rw.fau.de\/files\/2025\/10\/european-hrl.png 390w, https:\/\/www.mr2.rw.fau.de\/files\/2025\/10\/european-hrl-229x300.png 229w, https:\/\/www.mr2.rw.fau.de\/files\/2025\/10\/european-hrl-46x60.png 46w, https:\/\/www.mr2.rw.fau.de\/files\/2025\/10\/european-hrl-183x240.png 183w, https:\/\/www.mr2.rw.fau.de\/files\/2025\/10\/european-hrl-244x320.png 244w, https:\/\/www.mr2.rw.fau.de\/files\/2025\/10\/european-hrl-359x470.png 359w\" \/><\/div><div class=\"teaser-meta\"><time datetime=\"2025-10-01 14:50:00\"><span class=\"date-day\">01<\/span><span class=\"date-month-year\">OCT 2025<\/span><\/time><\/div><\/div><div class=\"teaser-content-wrapper\"><div class=\"teaser-content\"><div class=\"content-column\"><span class=\"category\">Allgemein<\/span><h4 class=\"clamp-3\" id=\"teaser-title-652\">Published jurisprudence analysis by Isabel Kienzle and Melina Riemer on ECtHR rulings concerning Greece\u2019s pushback practices<\/h4><div class=\"excerpt clamp-3\"><span class=\"visually-hidden\">In the journal European Human Rights Law Review, 2025, Issue 4, our research associates Isabel Kienzle and Melina Riemer discuss the judgments on pushbacks from Greece delivered by the European Court of Human Rights at the beginning of 2025. In A.R.E. v. Greece and G.R.J. v. Greece, the ECtHR for the first time expressly acknowledged [&hellip;]<\/span><span aria-hidden=\"true\">In the journal European Human Rights Law Review, 2025, Issue 4, our research associates Isabel Kienzle and Melina Riemer discuss the judgments on pushbacks from Greece delivered by the European Court of Human Rights at the beginning of 2025. In A.R.E. v. Greece and G.R.J. v. Greece, the ECtHR for the first time expressly acknowledged [&hellip;]<\/span><\/div><\/div><div class=\"button-teaser\"><span class=\"wp-block-button__link\"><span class=\"screen-reader-text\">Read more about Published jurisprudence analysis by Isabel Kienzle and Melina Riemer on ECtHR rulings concerning Greece\u2019s pushback practices<\/span><\/span><\/div><\/div><\/div><\/article><\/a><\/li><li><a class=\"teaser-item-link teaser-item\" href=\"https:\/\/www.mr2.rw.fau.de\/en\/2025\/07\/31\/neuer-artikel\/\"><article class=\"post-teaser\" data-variant=\"post\" data-href=\"https:\/\/www.mr2.rw.fau.de\/en\/2025\/07\/31\/neuer-artikel\/\" tabindex=\"0\" role=\"button\" aria-labelledby=\"teaser-title-650\"><div class=\"teaser-image-wrapper\"><div class=\"teaser-image\"><img decoding=\"async\" src=\"https:\/\/www.mr2.rw.fau.de\/files\/2025\/07\/IJHR-image-1.jpg\" class=\"attachment-medium_large size-medium_large\" alt=\"Pushbacks before the ECtHR \u2013 Gra\u017cyna Baranowska and Isabel Kienzle analyse procedural instruments for addressing evidentiary gaps\" loading=\"lazy\" srcset=\"https:\/\/www.mr2.rw.fau.de\/files\/2025\/07\/IJHR-image-1.jpg 400w, https:\/\/www.mr2.rw.fau.de\/files\/2025\/07\/IJHR-image-1-300x236.jpg 300w, https:\/\/www.mr2.rw.fau.de\/files\/2025\/07\/IJHR-image-1-60x47.jpg 60w, https:\/\/www.mr2.rw.fau.de\/files\/2025\/07\/IJHR-image-1-305x240.jpg 305w\" \/><\/div><div class=\"teaser-meta\"><time datetime=\"2025-07-31 11:55:00\"><span class=\"date-day\">31<\/span><span class=\"date-month-year\">JUL 2025<\/span><\/time><\/div><\/div><div class=\"teaser-content-wrapper\"><div class=\"teaser-content\"><div class=\"content-column\"><span class=\"category\">Allgemein<\/span><h4 class=\"clamp-3\" id=\"teaser-title-650\">Pushbacks before the ECtHR \u2013 Gra\u017cyna Baranowska and Isabel Kienzle analyse procedural instruments for addressing evidentiary gaps<\/h4><div class=\"excerpt clamp-3\"><span class=\"visually-hidden\">In a recent article published in the International Journal of Human Rights, Gra\u017cyna Baranowska and Isabel Kienzle, together with Maybritt Jill Alpes, analyse why facts in cases concerning pushbacks before the European Court of Human Rights often remain invisible \u2014 and which procedural tools could help change this. The article demonstrates that the Court relies [&hellip;]<\/span><span aria-hidden=\"true\">In a recent article published in the International Journal of Human Rights, Gra\u017cyna Baranowska and Isabel Kienzle, together with Maybritt Jill Alpes, analyse why facts in cases concerning pushbacks before the European Court of Human Rights often remain invisible \u2014 and which procedural tools could help change this. The article demonstrates that the Court relies [&hellip;]<\/span><\/div><\/div><div class=\"button-teaser\"><span class=\"wp-block-button__link\"><span class=\"screen-reader-text\">Read more about Pushbacks before the ECtHR \u2013 Gra\u017cyna Baranowska and Isabel Kienzle analyse procedural instruments for addressing evidentiary gaps<\/span><\/span><\/div><\/div><\/div><\/article><\/a><\/li><\/ul><\/section>\n\n\n<div class=\"wp-block-buttons is-layout-flex wp-block-buttons-is-layout-flex\">\n<div class=\"wp-block-button\"><a class=\"wp-block-button__link wp-element-button\" href=\"https:\/\/www.mr2.rw.fau.de\/en\/vorherige-beitraege\/\">Previous Posts<\/a><\/div>\n<\/div>\n","protected":false},"excerpt":{"rendered":"<p>Chair of Migration Law and Human Rights Welcome Welcome to the website of Prof. Dr. Gra\u017cyna Baranowska, Chair of Migration Law and Human Rights. These pages offer comprehensive insights into the Chair, its activities, and the latest news. An overview of the courses offered, both in the current and previous semesters, can be found in [&hellip;]<\/p>\n","protected":false},"author":5144,"featured_media":0,"parent":0,"menu_order":0,"comment_status":"closed","ping_status":"closed","template":"","meta":{"_rrze_cache":"enabled","_access_permission":"","_rrze_multilang_single_locale":"en_US","_rrze_multilang_single_source":"https:\/\/www.mr2.rw.fau.de\/?page_id=22","footnotes":""},"page_category":[],"page_tag":[],"workflow_usergroup":[],"class_list":["post-504","page","type-page","status-publish","hentry","en-US"],"_links":{"self":[{"href":"https:\/\/www.mr2.rw.fau.de\/wp-json\/wp\/v2\/pages\/504","targetHints":{"allow":["GET"]}}],"collection":[{"href":"https:\/\/www.mr2.rw.fau.de\/wp-json\/wp\/v2\/pages"}],"about":[{"href":"https:\/\/www.mr2.rw.fau.de\/wp-json\/wp\/v2\/types\/page"}],"author":[{"embeddable":true,"href":"https:\/\/www.mr2.rw.fau.de\/wp-json\/wp\/v2\/users\/5144"}],"replies":[{"embeddable":true,"href":"https:\/\/www.mr2.rw.fau.de\/wp-json\/wp\/v2\/comments?post=504"}],"version-history":[{"count":7,"href":"https:\/\/www.mr2.rw.fau.de\/wp-json\/wp\/v2\/pages\/504\/revisions"}],"predecessor-version":[{"id":750,"href":"https:\/\/www.mr2.rw.fau.de\/wp-json\/wp\/v2\/pages\/504\/revisions\/750"}],"wp:attachment":[{"href":"https:\/\/www.mr2.rw.fau.de\/wp-json\/wp\/v2\/media?parent=504"}],"wp:term":[{"taxonomy":"page_category","embeddable":true,"href":"https:\/\/www.mr2.rw.fau.de\/wp-json\/wp\/v2\/page_category?post=504"},{"taxonomy":"page_tag","embeddable":true,"href":"https:\/\/www.mr2.rw.fau.de\/wp-json\/wp\/v2\/page_tag?post=504"},{"taxonomy":"workflow_usergroup","embeddable":true,"href":"https:\/\/www.mr2.rw.fau.de\/wp-json\/wp\/v2\/workflow_usergroup?post=504"}],"curies":[{"name":"wp","href":"https:\/\/api.w.org\/{rel}","templated":true}]}}